{"id":31,"date":"2025-06-30T03:02:45","date_gmt":"2025-06-30T03:02:45","guid":{"rendered":"https:\/\/www.freehookupdating.com\/?page_id=31"},"modified":"2025-07-01T03:00:42","modified_gmt":"2025-07-01T03:00:42","slug":"mi-experiencia-con-las-aplicaciones-de-citas-principales-en-2025","status":"publish","type":"page","link":"https:\/\/www.freehookupdating.com\/index.php\/mi-experiencia-con-las-aplicaciones-de-citas-principales-en-2025.html","title":{"rendered":"Mi experiencia con las aplicaciones de citas principales en 2025."},"content":{"rendered":"\n<figure class=\"wp-block-image size-full\"><img loading=\"lazy\" decoding=\"async\" width=\"702\" height=\"567\" src=\"https:\/\/www.freehookupdating.com\/wp-content\/uploads\/2025\/07\/image-2.png\" alt=\"\" class=\"wp-image-67\" srcset=\"https:\/\/www.freehookupdating.com\/wp-content\/uploads\/2025\/07\/image-2.png 702w, https:\/\/www.freehookupdating.com\/wp-content\/uploads\/2025\/07\/image-2-300x242.png 300w\" sizes=\"auto, (max-width: 702px) 100vw, 702px\" \/><\/figure>\n\n\n\n<p>Personalmente, prefiero las citas en l\u00ednea. En Internet, podemos tener m\u00e1s opciones, porque nuestro c\u00edrculo social es m\u00e1s fijo, podemos contactar con menos personas y es a\u00fan m\u00e1s dif\u00edcil encontrar a la persona que nos gusta. En Internet, podemos entrar en contacto con todo tipo de personas, y la posibilidad de encontrar a la persona adecuada es mayor. Actualmente hay muchas aplicaciones de citas en el mercado.<\/p>\n\n\n\n<p>Hoy, he resumido las caracter\u00edsticas de varias aplicaciones de citas que he utilizado, que pueden servir como referencia.<\/p>\n\n\n\n<p><strong><a href=\"https:\/\/apps.apple.com\/us\/app\/tinder-dating-app-date-chat\/id547702041?l=en-us\" title=\"Tinder\">Tinder<\/a><\/strong>, como una destacada aplicaci\u00f3n de citas, ha recibido una amplia atenci\u00f3n en los \u00faltimos a\u00f1os. En primer lugar, tiene un gran n\u00famero de usuarios. Seg\u00fan estad\u00edsticas oficiales, ya hay m\u00e1s de 97 mil millones de coincidencias. Adem\u00e1s, anima a los usuarios a expresar su orientaci\u00f3n sexual. <\/p>\n\n\n\n<p>Ya seas heterosexual, gay o bisexual, te da la bienvenida. Su modo tambi\u00e9n es el deslizamiento simple para hacer coincidir (match) que conocemos. Los usuarios pueden elegir si les gusta o no deslizando hacia la derecha o hacia la izquierda, lo cual es simple y eficiente. Si encuentras usuarios que te env\u00edan mensajes de acoso u otros mensajes inapropiados, puedes optar por reportar y denunciar, o bloquear a los usuarios que no quieras ver. En este sentido, Tinder brinda a los usuarios una sensaci\u00f3n de seguridad.<\/p>\n\n\n\n<p><strong><a href=\"https:\/\/apps.apple.com\/us\/app\/bumble-dating-app-meet-date\/id930441707?l=en-us\" title=\"Bumble\">Bumble<\/a><\/strong>, lo m\u00e1s especial es que coloca a las mujeres en una posici\u00f3n dominante. A diferencia de otras aplicaciones, aqu\u00ed solo las mujeres pueden enviar mensajes primero. Por lo tanto, Bumble atrae a muchas mujeres m\u00e1s atrevidas y a hombres m\u00e1s t\u00edmidos en las relaciones entre sexos. Por eso, algunas personas llaman a Bumble &#8220;la mejor aplicaci\u00f3n de citas para mujeres audaces&#8221;. <\/p>\n\n\n\n<p>Bumble no es solo una plataforma para solteros que buscan citas. Aqu\u00ed, los usuarios tambi\u00e9n pueden hacer amigos, ampliar su c\u00edrculo social y su red profesional. Un punto que vale la pena se\u00f1alar es que la coincidencia aqu\u00ed caduca, lo cual es diferente a otras aplicaciones. Si las usuarias no env\u00edan un mensaje dentro de las 24 horas, esta coincidencia se invalidar\u00e1 autom\u00e1ticamente.<\/p>\n\n\n\n<p><strong><a href=\"https:\/\/apps.apple.com\/us\/app\/fwb-adult-friend-hookup-xfun\/id1472984800?l=en-us\" title=\"Xfun\">Xfun<\/a><\/strong>&nbsp;es una nueva aplicaci\u00f3n de citas que descubr\u00ed recientemente. En comparaci\u00f3n con las aplicaciones anteriores, parece bastante desconocida. Primero me enter\u00e9 de ella por un amigo. Luego, busqu\u00e9 en l\u00ednea y descubr\u00ed que era bastante popular. La cantidad de usuarios no es menor que la de esas grandes aplicaciones. En primer lugar, su base de usuarios es amplia. Es aplicable a casi todos los grupos. Ya seas heterosexual, gay, lesbiana o transg\u00e9nero, puedes encontrar a las personas que deseas en XFun. Vale la pena se\u00f1alar que esta aplicaci\u00f3n es principalmente para que los usuarios busquen la felicidad m\u00e1s primitiva en lugar de relaciones emocionales. <\/p>\n\n\n\n<p>La mayor\u00eda de los usuarios aqu\u00ed buscan placer f\u00edsico en lugar de cargas emocionales. Esta aplicaci\u00f3n se centra principalmente en encontrar citas FWB (Amigos con Beneficios) y diversi\u00f3n NSA (Sin Ataduras). Las personas con estas preferencias pueden probarla. Una cosa que realmente me gusta de esta aplicaci\u00f3n es que sus funciones principales son todas gratuitas, incluido el env\u00edo de mensajes, etc. Si no deseas comprar una membres\u00eda, es suficiente para tu uso diario. El prop\u00f3sito principal de la aplicaci\u00f3n es ayudar a los usuarios a encontrar y disfrutar de citas libremente.<\/p>\n\n\n\n<p><strong><a href=\"https:\/\/apps.apple.com\/us\/app\/happn-dating-app\/id489185828?l=en-us\" title=\"Happn\">Happn<\/a><\/strong>&nbsp;es una aplicaci\u00f3n de citas dise\u00f1ada para encontrar citas cerca de ti. \u00bfAlguna vez has encontrado esta situaci\u00f3n: cuando conoces a la persona que te gusta en una cafeter\u00eda, pero eres demasiado t\u00edmido para acercarte y pedirle su informaci\u00f3n de contacto, y cuando llegas a casa por la noche, te arrepientes mucho? Si a menudo te encuentras en tales situaciones, entonces puedes probarla. Buscar\u00e1 usuarios cercanos seg\u00fan tu trayectoria de movimiento y te los recomendar\u00e1. No importa si eres t\u00edmido. Podr\u00edas verlo en Happn. Por supuesto, tambi\u00e9n es posible que otros no hayan usado esta aplicaci\u00f3n. Entonces, cuando conozcas a alguien que te gusta, es mejor ser valiente.<\/p>\n\n\n\n<p><strong><a href=\"https:\/\/apps.apple.com\/us\/app\/eharmony-dating-real-love\/id458272450?l=en-us\" title=\"eHarmony\">eHarmony<\/a><\/strong>&nbsp;se autodenomina la aplicaci\u00f3n de citas m\u00e1s confiable. Antes de comenzar el emparejamiento, los usuarios completar\u00e1n cuestionarios, que incluyen tu personalidad, pasatiempos, criterios para elegir pareja, etc. La aplicaci\u00f3n generar\u00e1 autom\u00e1ticamente un resumen basado en tu cuestionario y luego lo emparejar\u00e1 con el usuario m\u00e1s adecuado para ti. Tambi\u00e9n puedes ver los perfiles de otros para un emparejamiento eficiente. La aplicaci\u00f3n te ayuda a encontrar la relaci\u00f3n que deseas. <\/p>\n\n\n\n<p>Sin embargo, sus cuestionarios han molestado mucho a muchos usuarios. Muchos usuarios han informado que sienten que hay una cantidad particularmente grande de preguntas por responder. Incluso antes de que comience el proceso de emparejamiento, siguen respondiendo preguntas. Adem\u00e1s, la aplicaci\u00f3n solo ofrece servicios de membres\u00eda por seis meses, un a\u00f1o y dos a\u00f1os, lo cual no es muy amigable para aquellos usuarios que desean encontrar citas r\u00e1pidamente.<\/p>\n","protected":false},"excerpt":{"rendered":"<p>Personalmente, prefiero las citas en l\u00ednea. En Internet, podemos tener m\u00e1s opciones, porque nuestro c\u00edrculo social es m\u00e1s fijo, podemos contactar con menos personas y es a\u00fan m\u00e1s dif\u00edcil encontrar a la persona que nos gusta. En Internet, podemos entrar en contacto con todo tipo de personas, y la posibilidad de encontrar a la persona [&hellip;]<\/p>\n","protected":false},"author":1,"featured_media":0,"parent":0,"menu_order":0,"comment_status":"closed","ping_status":"closed","template":"","meta":{"footnotes":""},"class_list":["post-31","page","type-page","status-publish","hentry"],"aioseo_notices":[],"_links":{"self":[{"href":"https:\/\/www.freehookupdating.com\/index.php\/wp-json\/wp\/v2\/pages\/31","targetHints":{"allow":["GET"]}}],"collection":[{"href":"https:\/\/www.freehookupdating.com\/index.php\/wp-json\/wp\/v2\/pages"}],"about":[{"href":"https:\/\/www.freehookupdating.com\/index.php\/wp-json\/wp\/v2\/types\/page"}],"author":[{"embeddable":true,"href":"https:\/\/www.freehookupdating.com\/index.php\/wp-json\/wp\/v2\/users\/1"}],"replies":[{"embeddable":true,"href":"https:\/\/www.freehookupdating.com\/index.php\/wp-json\/wp\/v2\/comments?post=31"}],"version-history":[{"count":2,"href":"https:\/\/www.freehookupdating.com\/index.php\/wp-json\/wp\/v2\/pages\/31\/revisions"}],"predecessor-version":[{"id":68,"href":"https:\/\/www.freehookupdating.com\/index.php\/wp-json\/wp\/v2\/pages\/31\/revisions\/68"}],"wp:attachment":[{"href":"https:\/\/www.freehookupdating.com\/index.php\/wp-json\/wp\/v2\/media?parent=31"}],"curies":[{"name":"wp","href":"https:\/\/api.w.org\/{rel}","templated":true}]}}