{"id":33,"date":"2025-06-30T03:07:22","date_gmt":"2025-06-30T03:07:22","guid":{"rendered":"https:\/\/www.freehookupdating.com\/?page_id=33"},"modified":"2025-07-01T02:59:46","modified_gmt":"2025-07-01T02:59:46","slug":"meine-erfahrungen-mit-den-mainstream-dating-apps-im-jahr-2025","status":"publish","type":"page","link":"https:\/\/www.freehookupdating.com\/index.php\/meine-erfahrungen-mit-den-mainstream-dating-apps-im-jahr-2025.html","title":{"rendered":"Meine Erfahrungen mit den Mainstream-Dating-Apps im Jahr 2025."},"content":{"rendered":"\n<figure class=\"wp-block-image size-full\"><img loading=\"lazy\" decoding=\"async\" width=\"655\" height=\"544\" src=\"https:\/\/www.freehookupdating.com\/wp-content\/uploads\/2025\/07\/image-1.png\" alt=\"\" class=\"wp-image-65\" srcset=\"https:\/\/www.freehookupdating.com\/wp-content\/uploads\/2025\/07\/image-1.png 655w, https:\/\/www.freehookupdating.com\/wp-content\/uploads\/2025\/07\/image-1-300x249.png 300w\" sizes=\"auto, (max-width: 655px) 100vw, 655px\" \/><\/figure>\n\n\n\n<p>Pers\u00f6nlich bevorzuge ich Online-Dating. Im Internet haben wir mehr Auswahl, weil unser sozialer Kreis fester ist, wir mit weniger Menschen in Kontakt treten k\u00f6nnen und es noch schwieriger ist, jemanden zu finden, den wir m\u00f6gen. Im Internet k\u00f6nnen wir mit allen m\u00f6glichen Menschen in Kontakt kommen, und die Chance, die richtige Person zu treffen, ist gr\u00f6\u00dfer. Derzeit gibt es viele Dating-Apps auf dem Markt.<\/p>\n\n\n\n<p>Heute habe ich die Merkmale mehrerer Dating-Apps, die ich genutzt habe, zusammengefasst, die als Referenz dienen k\u00f6nnen.<\/p>\n\n\n\n<p><strong><a href=\"https:\/\/apps.apple.com\/us\/app\/tinder-dating-app-date-chat\/id547702041?l=en-us\" title=\"Tinder\">Tinder<\/a><\/strong>, als herausragende Dating-App, hat in den letzten Jahren gro\u00dfe Aufmerksamkeit erhalten. Erstens hat es eine gro\u00dfe Anzahl von Nutzern. Offiziellen Statistiken zufolge gibt es bereits \u00fcber 97 Milliarden Matches. Au\u00dferdem ermutigt es die Nutzer, ihre sexuelle Orientierung auszudr\u00fccken. Egal, ob du heterosexuell, schwul oder bisexuell bist, es hei\u00dft dich willkommen. Sein Modus ist auch das einfache Wischen zum Matchen, das wir kennen. <\/p>\n\n\n\n<p>Nutzer k\u00f6nnen durch Wischen nach rechts (Gef\u00e4llt mir) oder links (Gef\u00e4llt mir nicht) ausw\u00e4hlen, ob sie jemanden m\u00f6gen oder nicht, was einfach und effizient ist. Wenn du auf Nutzer triffst, die dir bel\u00e4stigende oder andere unangemessene Nachrichten senden, kannst du sie melden und beschweren oder Nutzer blockieren, die du nicht sehen m\u00f6chtest. In dieser Hinsicht gibt Tinder den Nutzern ein Sicherheitsgef\u00fchl.<\/p>\n\n\n\n<p><strong><a href=\"https:\/\/apps.apple.com\/us\/app\/bumble-dating-app-meet-date\/id930441707?l=en-us\" title=\"Bumble\">Bumble<\/a><\/strong>, das Besonderste daran ist, dass es Frauen in die dominante Position stellt. Im Gegensatz zu anderen Apps k\u00f6nnen hier nur Frauen die erste Nachricht senden. Daher zieht Bumble viele mutigere Frauen und sch\u00fcchternere M\u00e4nner in Beziehungen zwischen den Geschlechtern an. Deshalb nennen einige Bumble &#8220;die beste Dating-App f\u00fcr mutige Frauen&#8221;. <\/p>\n\n\n\n<p>Bumble ist nicht nur eine Plattform f\u00fcr Singles, die nach Dates suchen. Hier k\u00f6nnen Nutzer auch Freunde finden, ihren sozialen Kreis und ihr berufliches Netzwerk erweitern. Ein erw\u00e4hnenswerter Punkt ist, dass Matches hier verfallen, was anders als bei anderen Apps ist. Wenn Nutzerinnen innerhalb von 24 Stunden keine Nachricht senden, wird dieser Match automatisch ung\u00fcltig.<\/p>\n\n\n\n<p><strong><a href=\"https:\/\/apps.apple.com\/us\/app\/fwb-adult-friend-hookup-xfun\/id1472984800?l=en-us\" title=\"Xfun\">Xfun<\/a><\/strong>\u00a0ist eine neue Dating-App, die ich k\u00fcrzlich entdeckt habe. Im Vergleich zu den vorherigen Apps scheint sie eher unbekannt. Ich habe zuerst durch einen Freund davon erfahren. Sp\u00e4ter habe ich online gesucht und festgestellt, dass sie ziemlich beliebt ist. Die Anzahl der Nutzer ist nicht geringer als bei diesen gro\u00dfen Apps. Erstens ist seine Nutzerbasis breit. <\/p>\n\n\n\n<p>Es ist f\u00fcr fast alle Gruppen anwendbar. Egal, ob du heterosexuell, schwul, lesbisch oder transgender bist, du kannst bei XFun die Leute finden, die du suchst. Es ist erw\u00e4hnenswert, dass diese App haupts\u00e4chlich f\u00fcr Nutzer gedacht ist, die das urspr\u00fcnglichste Gl\u00fcck suchen, anstatt emotionale Beziehungen.<\/p>\n\n\n\n<p>Die meisten Nutzer hier suchen k\u00f6rperliches Vergn\u00fcgen, keine emotionalen Belastungen. Diese App konzentriert sich haupts\u00e4chlich auf die Suche nach FWB-Dates (Freunde mit Vorteilen) und NSA-Spa\u00df (Keine Bindungen). Leute mit diesen Vorlieben k\u00f6nnen es versuchen. Eine Sache, die ich an dieser App wirklich mag, ist, dass ihre Hauptfunktionen alle kostenlos sind, einschlie\u00dflich des Nachrichtenversands usw. Wenn du kein Abonnement kaufen m\u00f6chtest, reicht es f\u00fcr den t\u00e4glichen Gebrauch aus. Der Hauptzweck der App ist es, Nutzern zu helfen, Dates frei zu finden und zu genie\u00dfen.<\/p>\n\n\n\n<p><strong><a href=\"https:\/\/apps.apple.com\/us\/app\/happn-dating-app\/id489185828?l=en-us\" title=\"Happn\">Happn<\/a><\/strong>&nbsp;ist eine Dating-App, die daf\u00fcr entwickelt wurde, Dates in deiner N\u00e4he zu finden. Bist du jemals in diese Situation geraten: Du triffst die Person, die du magst, in einem Caf\u00e9, bist aber zu sch\u00fcchtern, um nach ihren Kontaktdaten zu fragen, und wenn du abends nach Hause kommst, bereust du es sehr? Wenn dir das oft passiert, kannst du es versuchen. <\/p>\n\n\n\n<p>Es sucht nach Nutzern in deiner N\u00e4he basierend auf deiner Bewegungsroute und empfiehlt sie dir. Es ist egal, ob du sch\u00fcchtern bist. Du k\u00f6nntest ihn\/sie bei Happn sehen. Nat\u00fcrlich ist es auch m\u00f6glich, dass andere diese App nicht benutzen. Wenn du also jemanden triffst, der dir gef\u00e4llt, ist es am besten, mutig zu sein.<\/p>\n\n\n\n<p><strong><a href=\"https:\/\/apps.apple.com\/us\/app\/eharmony-dating-real-love\/id458272450?l=en-us\" title=\"eHarmony\">eHarmony<\/a><\/strong>&nbsp;bezeichnet sich selbst als die zuverl\u00e4ssigste Dating-App. Vor Beginn des Matchings f\u00fcllen die Nutzer Frageb\u00f6gen aus, darunter deine Pers\u00f6nlichkeit, Hobbys, Kriterien f\u00fcr die Partnerwahl usw. Die App generiert automatisch ein Profil basierend auf deinem Fragebogen und matcht dich dann mit dem am besten geeigneten Nutzer. Du kannst auch Profile anderer ansehen, um effizientes Matching zu erm\u00f6glichen. <\/p>\n\n\n\n<p>Die App hilft dir, die Beziehung zu finden, die du dir w\u00fcnschst. Allerdings haben ihre Frageb\u00f6gen viele Nutzer sehr gest\u00f6rt. Viele Nutzer haben berichtet, dass sie das Gef\u00fchl haben, besonders viele Fragen beantworten zu m\u00fcssen. Sogar bevor der Matching-Prozess beginnt, m\u00fcssen sie weiter Fragen beantworten. Au\u00dferdem bietet die App nur Abonnements f\u00fcr sechs Monate, ein Jahr und zwei Jahre an, was f\u00fcr die Nutzer, die schnell Dates finden wollen, nicht sehr benutzerfreundlich ist.<\/p>\n","protected":false},"excerpt":{"rendered":"<p>Pers\u00f6nlich bevorzuge ich Online-Dating. Im Internet haben wir mehr Auswahl, weil unser sozialer Kreis fester ist, wir mit weniger Menschen in Kontakt treten k\u00f6nnen und es noch schwieriger ist, jemanden zu finden, den wir m\u00f6gen. Im Internet k\u00f6nnen wir mit allen m\u00f6glichen Menschen in Kontakt kommen, und die Chance, die richtige Person zu treffen, ist [&hellip;]<\/p>\n","protected":false},"author":1,"featured_media":0,"parent":0,"menu_order":0,"comment_status":"closed","ping_status":"closed","template":"","meta":{"footnotes":""},"class_list":["post-33","page","type-page","status-publish","hentry"],"aioseo_notices":[],"_links":{"self":[{"href":"https:\/\/www.freehookupdating.com\/index.php\/wp-json\/wp\/v2\/pages\/33","targetHints":{"allow":["GET"]}}],"collection":[{"href":"https:\/\/www.freehookupdating.com\/index.php\/wp-json\/wp\/v2\/pages"}],"about":[{"href":"https:\/\/www.freehookupdating.com\/index.php\/wp-json\/wp\/v2\/types\/page"}],"author":[{"embeddable":true,"href":"https:\/\/www.freehookupdating.com\/index.php\/wp-json\/wp\/v2\/users\/1"}],"replies":[{"embeddable":true,"href":"https:\/\/www.freehookupdating.com\/index.php\/wp-json\/wp\/v2\/comments?post=33"}],"version-history":[{"count":2,"href":"https:\/\/www.freehookupdating.com\/index.php\/wp-json\/wp\/v2\/pages\/33\/revisions"}],"predecessor-version":[{"id":66,"href":"https:\/\/www.freehookupdating.com\/index.php\/wp-json\/wp\/v2\/pages\/33\/revisions\/66"}],"wp:attachment":[{"href":"https:\/\/www.freehookupdating.com\/index.php\/wp-json\/wp\/v2\/media?parent=33"}],"curies":[{"name":"wp","href":"https:\/\/api.w.org\/{rel}","templated":true}]}}