{"id":44,"date":"2025-06-30T05:58:49","date_gmt":"2025-06-30T05:58:49","guid":{"rendered":"https:\/\/www.freehookupdating.com\/?page_id=44"},"modified":"2025-07-01T03:03:32","modified_gmt":"2025-07-01T03:03:32","slug":"mon-experience-avec-les-principales-applications-de-rencontres-en-2025","status":"publish","type":"page","link":"https:\/\/www.freehookupdating.com\/index.php\/mon-experience-avec-les-principales-applications-de-rencontres-en-2025.html","title":{"rendered":"Mon exp\u00e9rience avec les principales applications de rencontres en 2025."},"content":{"rendered":"\n<figure class=\"wp-block-image size-full\"><img loading=\"lazy\" decoding=\"async\" width=\"693\" height=\"557\" src=\"https:\/\/www.freehookupdating.com\/wp-content\/uploads\/2025\/07\/image-5.png\" alt=\"\" class=\"wp-image-73\" srcset=\"https:\/\/www.freehookupdating.com\/wp-content\/uploads\/2025\/07\/image-5.png 693w, https:\/\/www.freehookupdating.com\/wp-content\/uploads\/2025\/07\/image-5-300x241.png 300w\" sizes=\"auto, (max-width: 693px) 100vw, 693px\" \/><\/figure>\n\n\n\n<p>Personnellement, je pr\u00e9f\u00e8re les rencontres en ligne. Sur Internet, nous avons plus de choix, car notre cercle social est plus restreint, nous rencontrons moins de personnes, et il est encore plus difficile de trouver celle\/celui qui nous pla\u00eet. Sur Internet, nous pouvons entrer en contact avec toutes sortes de personnes, et la chance de rencontrer la bonne personne est plus grande. Il existe aujourd&#8217;hui de nombreuses applications de rencontres sur le march\u00e9.<\/p>\n\n\n\n<p>Aujourd&#8217;hui, j&#8217;ai r\u00e9sum\u00e9 les caract\u00e9ristiques de plusieurs applications de rencontres que j&#8217;ai utilis\u00e9es, qui peuvent vous servir de r\u00e9f\u00e9rence.<\/p>\n\n\n\n<p><strong><a href=\"https:\/\/apps.apple.com\/us\/app\/tinder-dating-app-date-chat\/id547702041?l=en-us\" title=\"Tinder\">Tinder<\/a><\/strong>, en tant qu&#8217;application de rencontres exceptionnelle, a re\u00e7u une attention consid\u00e9rable ces derni\u00e8res ann\u00e9es. Tout d&#8217;abord, elle poss\u00e8de un grand nombre d&#8217;utilisateurs. Selon les statistiques officielles, il y a d\u00e9j\u00e0 plus de 97 milliards de matchs. De plus, elle encourage les utilisateurs \u00e0 exprimer leur orientation sexuelle. Que vous soyez h\u00e9t\u00e9rosexuel, gay ou bisexuel, elle vous accueille. Son mode est aussi le simple &#8220;swipe&#8221; pour matcher que nous connaissons bien. Les utilisateurs peuvent choisir s&#8217;ils aiment ou non en glissant \u00e0 droite ou \u00e0 gauche, ce qui est simple et efficace. <\/p>\n\n\n\n<p>Si vous rencontrez des utilisateurs qui vous envoient des messages de harc\u00e8lement ou d&#8217;autres messages inappropri\u00e9s, vous pouvez choisir de signaler et de porter plainte, ou de bloquer les utilisateurs que vous ne voulez pas voir. \u00c0 cet \u00e9gard, Tinder donne aux utilisateurs un sentiment de s\u00e9curit\u00e9.<\/p>\n\n\n\n<p><strong><a href=\"https:\/\/apps.apple.com\/us\/app\/bumble-dating-app-meet-date\/id930441707?l=en-us\" title=\"Bumble\">Bumble<\/a><\/strong>, la chose la plus sp\u00e9ciale est qu&#8217;elle place les femmes en position dominante. Contrairement aux autres applications, ici, seules les femmes peuvent envoyer le premier message. Par cons\u00e9quent, Bumble attire de nombreuses femmes plus audacieuses et des hommes plus timides dans les relations entre les sexes. C&#8217;est pourquoi certaines personnes appellent Bumble &#8220;la meilleure application de rencontres pour les femmes audacieuses&#8221;. <\/p>\n\n\n\n<p>Bumble n&#8217;est pas seulement une plateforme pour les c\u00e9libataires cherchant des rendez-vous. Ici, les utilisateurs peuvent aussi se faire des amis, \u00e9largir leur cercle social et leur r\u00e9seau professionnel. Un point \u00e0 noter est que le match ici expire, ce qui est diff\u00e9rent des autres applications. Si les utilisatrices n&#8217;envoient pas de message dans les 24 heures, ce match devient automatiquement invalide.<\/p>\n\n\n\n<p><a href=\"https:\/\/apps.apple.com\/us\/app\/fwb-adult-friend-hookup-xfun\/id1472984800?l=en-us\" title=\"Xfun&nbsp;\"><strong>Xfun<\/strong>&nbsp;<\/a>est une nouvelle application de rencontres que j&#8217;ai d\u00e9couverte r\u00e9cemment. Compar\u00e9e aux applications pr\u00e9c\u00e9dentes, elle semble plut\u00f4t m\u00e9connue. J&#8217;en ai d&#8217;abord entendu parler par un ami. Plus tard, j&#8217;ai cherch\u00e9 en ligne et j&#8217;ai d\u00e9couvert qu&#8217;elle \u00e9tait assez populaire. Le nombre d&#8217;utilisateurs n&#8217;est pas inf\u00e9rieur \u00e0 celui des grandes applications. Tout d&#8217;abord, sa base d&#8217;utilisateurs est large. Elle s&#8217;applique \u00e0 presque tous les groupes. Que vous soyez h\u00e9t\u00e9ro, gay, lesbienne ou transgenre, vous pouvez trouver les personnes que vous voulez sur XFun. <\/p>\n\n\n\n<p>Il est \u00e0 noter que cette application est principalement destin\u00e9e aux utilisateurs cherchant le bonheur le plus primitif plut\u00f4t que des relations \u00e9motionnelles. La plupart des utilisateurs ici recherchent du plaisir physique plut\u00f4t que des fardeaux \u00e9motionnels. Cette application se concentre principalement sur la recherche de rencontres FWB (Friends With Benefits) et de plaisir NSA (No Strings Attached). Les personnes ayant ces pr\u00e9f\u00e9rences peuvent essayer. <\/p>\n\n\n\n<p>Une chose que j&#8217;aime vraiment dans cette application est que ses principales fonctions sont toutes gratuites, y compris l&#8217;envoi de messages, etc. Si vous ne voulez pas acheter un abonnement, c&#8217;est suffisant pour un usage quotidien. L&#8217;objectif principal de l&#8217;application est d&#8217;aider les utilisateurs \u00e0 trouver et \u00e0 profiter librement de rencontres<\/p>\n\n\n\n<p><strong><a href=\"https:\/\/apps.apple.com\/us\/app\/happn-dating-app\/id489185828?l=en-us\" title=\"Happn\">Happn<\/a><\/strong>&nbsp;est une application de rencontres con\u00e7ue pour trouver des rendez-vous pr\u00e8s de chez vous. Avez-vous d\u00e9j\u00e0 rencontr\u00e9 cette situation : quand vous rencontrez la personne que vous aimez dans un caf\u00e9, mais que vous \u00eates trop timide pour aller lui demander ses coordonn\u00e9es, et quand vous rentrez chez vous le soir, vous le regrettez beaucoup ? <\/p>\n\n\n\n<p>Si vous rencontrez souvent de telles situations, alors vous pouvez l&#8217;essayer. Elle recherchera les utilisateurs \u00e0 proximit\u00e9 en fonction de votre trajectoire de d\u00e9placement et vous les recommandera. Peu importe si vous \u00eates timide. Vous pourriez le\/la voir sur Happn. Bien s\u00fbr, il est aussi possible que d&#8217;autres n&#8217;utilisent pas cette application. Donc, quand vous rencontrez quelqu&#8217;un que vous aimez, il est pr\u00e9f\u00e9rable d&#8217;\u00eatre courageux.<\/p>\n\n\n\n<p><strong><a href=\"https:\/\/apps.apple.com\/us\/app\/eharmony-dating-real-love\/id458272450?l=en-us\" title=\"eHarmony\">eHarmony<\/a><\/strong>&nbsp;se pr\u00e9sente comme l&#8217;application de rencontres la plus fiable. Avant de commencer le matching, les utilisateurs remplissent des questionnaires, comprenant votre personnalit\u00e9, vos passe-temps, vos crit\u00e8res de choix de partenaire, etc. L&#8217;application g\u00e9n\u00e8re automatiquement un profil bas\u00e9 sur votre questionnaire et vous match ensuite avec l&#8217;utilisateur le plus compatible. Vous pouvez \u00e9galement consulter les profils des autres pour un matching efficace. L&#8217;application vous aide \u00e0 trouver la relation que vous d\u00e9sirez. <\/p>\n\n\n\n<p>Cependant, ses questionnaires ont grandement d\u00e9rang\u00e9 de nombreux utilisateurs. Beaucoup d&#8217;utilisateurs ont signal\u00e9 qu&#8217;ils trouvaient qu&#8217;il y avait un nombre particuli\u00e8rement important de questions \u00e0 r\u00e9pondre. M\u00eame avant que le processus de matching ne commence, ils doivent continuer \u00e0 r\u00e9pondre aux questions. De plus, l&#8217;application ne propose que des services d&#8217;abonnement pour six mois, un an et deux ans, ce qui n&#8217;est pas tr\u00e8s convivial pour les utilisateurs qui veulent trouver rapidement des rendez-vous.<\/p>\n","protected":false},"excerpt":{"rendered":"<p>Personnellement, je pr\u00e9f\u00e8re les rencontres en ligne. Sur Internet, nous avons plus de choix, car notre cercle social est plus restreint, nous rencontrons moins de personnes, et il est encore plus difficile de trouver celle\/celui qui nous pla\u00eet. Sur Internet, nous pouvons entrer en contact avec toutes sortes de personnes, et la chance de rencontrer [&hellip;]<\/p>\n","protected":false},"author":1,"featured_media":0,"parent":0,"menu_order":0,"comment_status":"closed","ping_status":"closed","template":"","meta":{"footnotes":""},"class_list":["post-44","page","type-page","status-publish","hentry"],"aioseo_notices":[],"_links":{"self":[{"href":"https:\/\/www.freehookupdating.com\/index.php\/wp-json\/wp\/v2\/pages\/44","targetHints":{"allow":["GET"]}}],"collection":[{"href":"https:\/\/www.freehookupdating.com\/index.php\/wp-json\/wp\/v2\/pages"}],"about":[{"href":"https:\/\/www.freehookupdating.com\/index.php\/wp-json\/wp\/v2\/types\/page"}],"author":[{"embeddable":true,"href":"https:\/\/www.freehookupdating.com\/index.php\/wp-json\/wp\/v2\/users\/1"}],"replies":[{"embeddable":true,"href":"https:\/\/www.freehookupdating.com\/index.php\/wp-json\/wp\/v2\/comments?post=44"}],"version-history":[{"count":2,"href":"https:\/\/www.freehookupdating.com\/index.php\/wp-json\/wp\/v2\/pages\/44\/revisions"}],"predecessor-version":[{"id":74,"href":"https:\/\/www.freehookupdating.com\/index.php\/wp-json\/wp\/v2\/pages\/44\/revisions\/74"}],"wp:attachment":[{"href":"https:\/\/www.freehookupdating.com\/index.php\/wp-json\/wp\/v2\/media?parent=44"}],"curies":[{"name":"wp","href":"https:\/\/api.w.org\/{rel}","templated":true}]}}